{"id":8613,"date":"2023-04-19T13:08:43","date_gmt":"2023-04-19T11:08:43","guid":{"rendered":"https:\/\/oasis-sanantonio.com\/oasis-san-antonio\/"},"modified":"2025-12-05T11:34:39","modified_gmt":"2025-12-05T10:34:39","slug":"oasis-san-antonio","status":"publish","type":"page","link":"https:\/\/oasis-sanantonio.com\/de\/oasis-san-antonio\/","title":{"rendered":"Oasis San Antonio Apartments"},"content":{"rendered":"\t\t<div data-elementor-type=\"wp-page\" data-elementor-id=\"8613\" class=\"elementor elementor-8613 elementor-7926\" data-elementor-post-type=\"page\">\n\t\t\t\t\t\t<section class=\"elementor-section elementor-top-section elementor-element elementor-element-20d6e03 elementor-section-stretched elementor-section-boxed elementor-section-height-default elementor-section-height-default\" data-id=\"20d6e03\" data-element_type=\"section\" data-e-type=\"section\" data-settings=\"{&quot;stretch_section&quot;:&quot;section-stretched&quot;,&quot;background_background&quot;:&quot;classic&quot;}\">\n\t\t\t\t\t\t\t<div class=\"elementor-background-overlay\"><\/div>\n\t\t\t\t\t\t\t<div class=\"elementor-container elementor-column-gap-default\">\n\t\t\t\t\t<div class=\"elementor-column elementor-col-100 elementor-top-column elementor-element elementor-element-14814dc\" data-id=\"14814dc\" data-element_type=\"column\" data-e-type=\"column\">\n\t\t\t<div class=\"elementor-widget-wrap elementor-element-populated\">\n\t\t\t\t\t\t<div class=\"elementor-element elementor-element-0d416fe elementor-widget elementor-widget-heading\" data-id=\"0d416fe\" data-element_type=\"widget\" data-e-type=\"widget\" data-widget_type=\"heading.default\">\n\t\t\t\t<div class=\"elementor-widget-container\">\n\t\t\t\t\t<h1 class=\"elementor-heading-title elementor-size-default\">Oasis San Antonio, Wohnungen in Los Cancajos<\/h1>\t\t\t\t<\/div>\n\t\t\t\t<\/div>\n\t\t\t\t\t<\/div>\n\t\t<\/div>\n\t\t\t\t\t<\/div>\n\t\t<\/section>\n\t\t\t\t<section class=\"elementor-section elementor-top-section elementor-element elementor-element-38cd4de elementor-section-content-middle elementor-section-boxed elementor-section-height-default elementor-section-height-default\" data-id=\"38cd4de\" data-element_type=\"section\" data-e-type=\"section\" data-settings=\"{&quot;background_background&quot;:&quot;classic&quot;}\">\n\t\t\t\t\t\t\t<div class=\"elementor-background-overlay\"><\/div>\n\t\t\t\t\t\t\t<div class=\"elementor-container elementor-column-gap-default\">\n\t\t\t\t\t<div class=\"elementor-column elementor-col-50 elementor-top-column elementor-element elementor-element-3caea9f\" data-id=\"3caea9f\" data-element_type=\"column\" data-e-type=\"column\">\n\t\t\t<div class=\"elementor-widget-wrap elementor-element-populated\">\n\t\t\t\t\t\t<div class=\"elementor-element elementor-element-ddc6332 elementor-widget elementor-widget-heading\" data-id=\"ddc6332\" data-element_type=\"widget\" data-e-type=\"widget\" data-widget_type=\"heading.default\">\n\t\t\t\t<div class=\"elementor-widget-container\">\n\t\t\t\t\t<p class=\"elementor-heading-title elementor-size-default\">Buchen Sie Ihren Aufenthalt noch heute und sichern Sie sich den besten verf\u00fcgbaren Preis<\/p>\t\t\t\t<\/div>\n\t\t\t\t<\/div>\n\t\t\t\t<div class=\"elementor-element elementor-element-7d80ae98 elementor-headline--style-rotate elementor-widget elementor-widget-animated-headline\" data-id=\"7d80ae98\" data-element_type=\"widget\" data-e-type=\"widget\" data-settings=\"{&quot;headline_style&quot;:&quot;rotate&quot;,&quot;animation_type&quot;:&quot;typing&quot;,&quot;loop&quot;:&quot;yes&quot;,&quot;rotate_iteration_delay&quot;:2500}\" data-widget_type=\"animated-headline.default\">\n\t\t\t\t<div class=\"elementor-widget-container\">\n\t\t\t\t\t\t\t<h2 class=\"elementor-headline elementor-headline-animation-type-typing elementor-headline-letters\">\n\t\t\t\t\t<span class=\"elementor-headline-plain-text elementor-headline-text-wrapper\">Entdecken Sie den Zauber von La Palma vom Komfort unserer Wohnungen aus<\/span>\n\t\t\t\t<span class=\"elementor-headline-dynamic-wrapper elementor-headline-text-wrapper\">\n\t\t\t\t<\/span>\n\t\t\t\t<\/h2>\n\t\t\t\t\t\t<\/div>\n\t\t\t\t<\/div>\n\t\t\t\t<div class=\"elementor-element elementor-element-64ac5f0 elementor-widget elementor-widget-heading\" data-id=\"64ac5f0\" data-element_type=\"widget\" data-e-type=\"widget\" data-widget_type=\"heading.default\">\n\t\t\t\t<div class=\"elementor-widget-container\">\n\t\t\t\t\t<p class=\"elementor-heading-title elementor-size-default\">Tourist Complex bestehend aus 68 Apartments (davon 2 Apartments barrierefrei f\u00fcr Personen mit eingeschr\u00e4nkter Mobilit\u00e4t), verteilt auf drei Geb\u00e4udekomplexe im traditionellen kanarischen Architekturstil, auf zwei Etagen. Es befindet sich nur wenige Minuten vom Strand von Los Cancajos entfernt, 4 km s\u00fcdlich der Hauptstadt der Insel La Palma und 3 km vom Flughafen.\n<br \/>\n<br \/>\nDie Apartments Oasis San Antonio erstrecken sich \u00fcber eine Fl\u00e4che von 7.000 m\u00b2, davon 4.000 m\u00b2 G\u00e4rten mit einheimischen B\u00e4umen und Fu\u00dfwegen, die die gesamte Anlage durchziehen. Sie bieten auch befahrbare Zug\u00e4nge sowie ein zentrales Schwimmbecken mit strand\u00e4hnlichem Zugang, ideal f\u00fcr \u00e4ltere Menschen oder Personen mit eingeschr\u00e4nkter Mobilit\u00e4t. Erg\u00e4nzt wird dies durch ein Kinderbecken, was die Anlage zu einem idealen Ort macht, um Ruhe und Entspannung zu genie\u00dfen.<\/p>\t\t\t\t<\/div>\n\t\t\t\t<\/div>\n\t\t\t\t<div class=\"elementor-element elementor-element-8a66b70 elementor-widget elementor-widget-progress\" data-id=\"8a66b70\" data-element_type=\"widget\" data-e-type=\"widget\" data-widget_type=\"progress.default\">\n\t\t\t\t<div class=\"elementor-widget-container\">\n\t\t\t\t\t\n\t\t<div class=\"elementor-progress-wrapper\" role=\"progressbar\" aria-valuemin=\"0\" aria-valuemax=\"100\" aria-valuenow=\"90\">\n\t\t\t<div class=\"elementor-progress-bar\" data-max=\"90\">\n\t\t\t\t<span class=\"elementor-progress-text\"><\/span>\n\t\t\t\t\t\t\t<\/div>\n\t\t<\/div>\n\t\t\t\t\t\t<\/div>\n\t\t\t\t<\/div>\n\t\t\t\t<div class=\"elementor-element elementor-element-3fd50a48 elementor-mobile-align-center elementor-widget elementor-widget-button\" data-id=\"3fd50a48\" data-element_type=\"widget\" data-e-type=\"widget\" data-widget_type=\"button.default\">\n\t\t\t\t<div class=\"elementor-widget-container\">\n\t\t\t\t\t\t\t\t\t<div class=\"elementor-button-wrapper\">\n\t\t\t\t\t<a class=\"elementor-button elementor-button-link elementor-size-sm elementor-animation-skew\" href=\"https:\/\/www.norayreservas.com\/norayreservas\/disponibilidad.aspx?idhotel=1291&#038;Idioma=ES\" target=\"_blank\" rel=\"noopener\">\n\t\t\t\t\t\t<span class=\"elementor-button-content-wrapper\">\n\t\t\t\t\t\t\t\t\t<span class=\"elementor-button-text\">RESERVAR<\/span>\n\t\t\t\t\t<\/span>\n\t\t\t\t\t<\/a>\n\t\t\t\t<\/div>\n\t\t\t\t\t\t\t\t<\/div>\n\t\t\t\t<\/div>\n\t\t\t\t\t<\/div>\n\t\t<\/div>\n\t\t\t\t<div class=\"elementor-column elementor-col-50 elementor-top-column elementor-element elementor-element-3cc3e6c0\" data-id=\"3cc3e6c0\" data-element_type=\"column\" data-e-type=\"column\">\n\t\t\t<div class=\"elementor-widget-wrap elementor-element-populated\">\n\t\t\t\t\t\t<div class=\"elementor-element elementor-element-218c7a13 elementor-widget elementor-widget-image\" data-id=\"218c7a13\" data-element_type=\"widget\" data-e-type=\"widget\" data-settings=\"{&quot;motion_fx_motion_fx_scrolling&quot;:&quot;yes&quot;,&quot;motion_fx_scale_effect&quot;:&quot;yes&quot;,&quot;motion_fx_scale_speed&quot;:{&quot;unit&quot;:&quot;px&quot;,&quot;size&quot;:&quot;1&quot;,&quot;sizes&quot;:[]},&quot;motion_fx_devices&quot;:[&quot;desktop&quot;,&quot;laptop&quot;],&quot;motion_fx_scale_direction&quot;:&quot;out-in&quot;,&quot;motion_fx_scale_range&quot;:{&quot;unit&quot;:&quot;%&quot;,&quot;size&quot;:&quot;&quot;,&quot;sizes&quot;:{&quot;start&quot;:20,&quot;end&quot;:80}}}\" data-widget_type=\"image.default\">\n\t\t\t\t<div class=\"elementor-widget-container\">\n\t\t\t\t\t\t\t\t\t\t\t\t\t\t\t<img fetchpriority=\"high\" decoding=\"async\" width=\"1024\" height=\"768\" src=\"https:\/\/oasis-sanantonio.com\/wp-content\/uploads\/2024\/12\/oasis-sanantonio.jpg\" class=\"attachment-large size-large wp-image-8386\" alt=\"Los Cancajos, Apartamentos Oasis San Antonio\" srcset=\"https:\/\/oasis-sanantonio.com\/wp-content\/uploads\/2024\/12\/oasis-sanantonio.jpg 1024w, https:\/\/oasis-sanantonio.com\/wp-content\/uploads\/2024\/12\/oasis-sanantonio-300x225.jpg 300w, https:\/\/oasis-sanantonio.com\/wp-content\/uploads\/2024\/12\/oasis-sanantonio-768x576.jpg 768w, https:\/\/oasis-sanantonio.com\/wp-content\/uploads\/2024\/12\/oasis-sanantonio-600x450.jpg 600w\" sizes=\"(max-width: 1024px) 100vw, 1024px\" \/>\t\t\t\t\t\t\t\t\t\t\t\t\t\t\t<\/div>\n\t\t\t\t<\/div>\n\t\t\t\t\t<\/div>\n\t\t<\/div>\n\t\t\t\t\t<\/div>\n\t\t<\/section>\n\t\t\t\t<section class=\"elementor-section elementor-top-section elementor-element elementor-element-6e47a15 elementor-section-boxed elementor-section-height-default elementor-section-height-default\" data-id=\"6e47a15\" data-element_type=\"section\" data-e-type=\"section\" data-settings=\"{&quot;background_background&quot;:&quot;classic&quot;,&quot;background_motion_fx_motion_fx_scrolling&quot;:&quot;yes&quot;,&quot;background_motion_fx_scale_effect&quot;:&quot;yes&quot;,&quot;background_motion_fx_scale_direction&quot;:&quot;in-out&quot;,&quot;background_motion_fx_scale_speed&quot;:{&quot;unit&quot;:&quot;px&quot;,&quot;size&quot;:&quot;2&quot;,&quot;sizes&quot;:[]},&quot;background_motion_fx_devices&quot;:[&quot;desktop&quot;],&quot;background_motion_fx_scale_range&quot;:{&quot;unit&quot;:&quot;%&quot;,&quot;size&quot;:&quot;&quot;,&quot;sizes&quot;:{&quot;start&quot;:20,&quot;end&quot;:80}}}\">\n\t\t\t\t\t\t\t<div class=\"elementor-background-overlay\"><\/div>\n\t\t\t\t\t\t\t<div class=\"elementor-container elementor-column-gap-default\">\n\t\t\t\t\t<div class=\"elementor-column elementor-col-100 elementor-top-column elementor-element elementor-element-301c29bc\" data-id=\"301c29bc\" data-element_type=\"column\" data-e-type=\"column\">\n\t\t\t<div class=\"elementor-widget-wrap elementor-element-populated\">\n\t\t\t\t\t\t<section class=\"elementor-section elementor-inner-section elementor-element elementor-element-585f3289 elementor-section-full_width elementor-section-content-middle elementor-section-height-default elementor-section-height-default\" data-id=\"585f3289\" data-element_type=\"section\" data-e-type=\"section\">\n\t\t\t\t\t\t<div class=\"elementor-container elementor-column-gap-default\">\n\t\t\t\t\t<div class=\"elementor-column elementor-col-50 elementor-inner-column elementor-element elementor-element-3140f453\" data-id=\"3140f453\" data-element_type=\"column\" data-e-type=\"column\">\n\t\t\t<div class=\"elementor-widget-wrap elementor-element-populated\">\n\t\t\t\t\t\t<div class=\"elementor-element elementor-element-3b5651ee elementor-headline--style-rotate elementor-widget elementor-widget-animated-headline\" data-id=\"3b5651ee\" data-element_type=\"widget\" data-e-type=\"widget\" data-settings=\"{&quot;headline_style&quot;:&quot;rotate&quot;,&quot;animation_type&quot;:&quot;typing&quot;,&quot;loop&quot;:&quot;yes&quot;,&quot;rotate_iteration_delay&quot;:2500}\" data-widget_type=\"animated-headline.default\">\n\t\t\t\t<div class=\"elementor-widget-container\">\n\t\t\t\t\t\t\t<h3 class=\"elementor-headline elementor-headline-animation-type-typing elementor-headline-letters\">\n\t\t\t\t\t<span class=\"elementor-headline-plain-text elementor-headline-text-wrapper\"> Vollst\u00e4ndig ausgestattete Apartments:<\/span>\n\t\t\t\t<span class=\"elementor-headline-dynamic-wrapper elementor-headline-text-wrapper\">\n\t\t\t\t<\/span>\n\t\t\t\t<\/h3>\n\t\t\t\t\t\t<\/div>\n\t\t\t\t<\/div>\n\t\t\t\t<div class=\"elementor-element elementor-element-58516540 elementor-widget elementor-widget-heading\" data-id=\"58516540\" data-element_type=\"widget\" data-e-type=\"widget\" data-widget_type=\"heading.default\">\n\t\t\t\t<div class=\"elementor-widget-container\">\n\t\t\t\t\t<p class=\"elementor-heading-title elementor-size-default\">\n<br \/>\n<br \/>\nMit einer Fl\u00e4che von 45,00 m\u00b2 bieten sie Platz f\u00fcr maximal 3 Erwachsene oder 2 Erwachsene und 2 Kinder. Die Apartments bestehen aus einem Schlafzimmer mit zwei Betten, einem Wohn- und Esszimmer mit Schlafsofa, einem Badezimmer und einer separaten K\u00fcche, ausgestattet mit Cerankochfeld, Mikrowelle und K\u00fchlschrank zur Zubereitung und Lagerung von Speisen. Jedes Apartment verf\u00fcgt \u00fcber einen Balkon oder eine Terrasse von 5,00 bis 25,00 m\u00b2. Sie sind komplett ausgestattet und bieten einen mietbaren Safe, Farbfernseher mit Programmen in mehreren Sprachen (im Wohnzimmer und Schlafzimmer), Direktwahltelefon, Reinigung dreimal pro Woche, Handtuchwechsel zweimal pro Woche, Bettw\u00e4schewechsel einmal pro Woche sowie kostenfreies WLAN im gesamten Komplex. Die Gemeinschaftsbereiche sind video\u00fcberwacht.\n<br \/>\n<br \/>\n\nIn der N\u00e4he des Komplexes, mit externen Dienstleistungen, befinden sich ein Zentrum f\u00fcr Rehabilitation und Physiotherapie, eine Apotheke, eine Bushaltestelle, Restaurants mit kanarischer, italienischer, chinesischer und internationaler K\u00fcche, ein Snack-Bar sowie Gesch\u00e4fte f\u00fcr Sport- und Strandzubeh\u00f6r.\n<br \/>\n<br \/>\nLos Cancajos, in der Gemeinde Bre\u00f1a Baja, erstreckt sich \u00fcber eine 15 km lange Hanglage von der Spitze des Pico Birigoyo (1.808 m) bis zur K\u00fcste, wo das Meer auf Buchten wie La Caleta de la Ballena, El Charco Lino, La Piedra Menudo oder den Strand von Los Cancajos trifft. Dieser Ort liegt im Osten der Insel La Palma und bietet die gr\u00f6\u00dfte Auswahl an Unterk\u00fcnften im Norden der Insel, mit mehr als 2.000 Betten in 4-Sterne-Hotels und 2-Schl\u00fcssel-Anlagen.\n<br \/>\n<br \/>\nHier finden Sie touristische Informationen, Restaurants, Snack-Bars, Superm\u00e4rkte, eine Apotheke, Tauchgesch\u00e4fte, kanarisches Kunsthandwerk, Autovermietung, Fahrradverleih, Quadsport, Reiseb\u00fcros und vieles mehr. Dank der N\u00e4he zu grundlegenden Dienstleistungen wie Krankenhaus, Handelshafen, Sporthafen und Flughafen ist dies der ideale Ausgangspunkt f\u00fcr Ihren Aufenthalt und f\u00fcr Erkundungen des \u00fcbrigen Inselgebiets.<\/p>\t\t\t\t<\/div>\n\t\t\t\t<\/div>\n\t\t\t\t\t<\/div>\n\t\t<\/div>\n\t\t\t\t<div class=\"elementor-column elementor-col-50 elementor-inner-column elementor-element elementor-element-13384aaa\" data-id=\"13384aaa\" data-element_type=\"column\" data-e-type=\"column\">\n\t\t\t<div class=\"elementor-widget-wrap elementor-element-populated\">\n\t\t\t\t\t\t<div class=\"elementor-element elementor-element-5ea34a63 elementor-widget elementor-widget-heading\" data-id=\"5ea34a63\" data-element_type=\"widget\" data-e-type=\"widget\" data-widget_type=\"heading.default\">\n\t\t\t\t<div class=\"elementor-widget-container\">\n\t\t\t\t\t<h3 class=\"elementor-heading-title elementor-size-default\">Dienstleistungen<\/h3>\t\t\t\t<\/div>\n\t\t\t\t<\/div>\n\t\t\t\t<div class=\"elementor-element elementor-element-95357d8 elementor-widget elementor-widget-text-editor\" data-id=\"95357d8\" data-element_type=\"widget\" data-e-type=\"widget\" data-widget_type=\"text-editor.default\">\n\t\t\t\t<div class=\"elementor-widget-container\">\n\t\t\t\t\t\t\t\t\t<ul><li>Kostenloses WLAN im gesamten Komplex<\/li><li>Schwimmbad und Kinderbecken<\/li><li>Minigolf mit 5 L\u00f6chern<\/li><li>Mini-Badminton<\/li><li>Fr\u00fchst\u00fcck und Halbpension<\/li><li>Barrierefreie Unterk\u00fcnfte f\u00fcr Personen mit eingeschr\u00e4nkter Mobilit\u00e4t<\/li><\/ul>\t\t\t\t\t\t\t\t<\/div>\n\t\t\t\t<\/div>\n\t\t\t\t\t<\/div>\n\t\t<\/div>\n\t\t\t\t\t<\/div>\n\t\t<\/section>\n\t\t\t\t<section class=\"elementor-section elementor-inner-section elementor-element elementor-element-3b62aa79 elementor-section-full_width elementor-section-content-middle elementor-section-height-default elementor-section-height-default elementor-invisible\" data-id=\"3b62aa79\" data-element_type=\"section\" data-e-type=\"section\" data-settings=\"{&quot;background_background&quot;:&quot;classic&quot;,&quot;animation&quot;:&quot;fadeInUp&quot;}\">\n\t\t\t\t\t\t\t<div class=\"elementor-background-overlay\"><\/div>\n\t\t\t\t\t\t\t<div class=\"elementor-container elementor-column-gap-default\">\n\t\t\t\t\t<div class=\"elementor-column elementor-col-33 elementor-inner-column elementor-element elementor-element-339d72a8\" data-id=\"339d72a8\" data-element_type=\"column\" data-e-type=\"column\" data-settings=\"{&quot;background_background&quot;:&quot;classic&quot;,&quot;background_motion_fx_motion_fx_scrolling&quot;:&quot;yes&quot;,&quot;background_motion_fx_scale_effect&quot;:&quot;yes&quot;,&quot;background_motion_fx_devices&quot;:[&quot;desktop&quot;,&quot;laptop&quot;],&quot;background_motion_fx_scale_direction&quot;:&quot;out-in&quot;,&quot;background_motion_fx_scale_speed&quot;:{&quot;unit&quot;:&quot;px&quot;,&quot;size&quot;:4,&quot;sizes&quot;:[]},&quot;background_motion_fx_scale_range&quot;:{&quot;unit&quot;:&quot;%&quot;,&quot;size&quot;:&quot;&quot;,&quot;sizes&quot;:{&quot;start&quot;:20,&quot;end&quot;:80}}}\">\n\t\t\t<div class=\"elementor-widget-wrap elementor-element-populated\">\n\t\t\t\t\t\t<div class=\"elementor-element elementor-element-48bd8d7e elementor-widget elementor-widget-spacer\" data-id=\"48bd8d7e\" data-element_type=\"widget\" data-e-type=\"widget\" data-widget_type=\"spacer.default\">\n\t\t\t\t<div class=\"elementor-widget-container\">\n\t\t\t\t\t\t\t<div class=\"elementor-spacer\">\n\t\t\t<div class=\"elementor-spacer-inner\"><\/div>\n\t\t<\/div>\n\t\t\t\t\t\t<\/div>\n\t\t\t\t<\/div>\n\t\t\t\t\t<\/div>\n\t\t<\/div>\n\t\t\t\t<div class=\"elementor-column elementor-col-33 elementor-inner-column elementor-element elementor-element-67a2ef2\" data-id=\"67a2ef2\" data-element_type=\"column\" data-e-type=\"column\">\n\t\t\t<div class=\"elementor-widget-wrap elementor-element-populated\">\n\t\t\t\t\t\t<div class=\"elementor-element elementor-element-71cf9255 elementor-widget elementor-widget-heading\" data-id=\"71cf9255\" data-element_type=\"widget\" data-e-type=\"widget\" data-widget_type=\"heading.default\">\n\t\t\t\t<div class=\"elementor-widget-container\">\n\t\t\t\t\t<h2 class=\"elementor-heading-title elementor-size-default\">Entdecken Sie La Palma mit dem Komfort eines Zuhauses. Buchen Sie jetzt!<\/h2>\t\t\t\t<\/div>\n\t\t\t\t<\/div>\n\t\t\t\t\t<\/div>\n\t\t<\/div>\n\t\t\t\t<div class=\"elementor-column elementor-col-33 elementor-inner-column elementor-element elementor-element-526d6df0\" data-id=\"526d6df0\" data-element_type=\"column\" data-e-type=\"column\">\n\t\t\t<div class=\"elementor-widget-wrap elementor-element-populated\">\n\t\t\t\t\t\t<div class=\"elementor-element elementor-element-1384c3c elementor-align-right elementor-widget elementor-widget-button\" data-id=\"1384c3c\" data-element_type=\"widget\" data-e-type=\"widget\" data-widget_type=\"button.default\">\n\t\t\t\t<div class=\"elementor-widget-container\">\n\t\t\t\t\t\t\t\t\t<div class=\"elementor-button-wrapper\">\n\t\t\t\t\t<a class=\"elementor-button elementor-button-link elementor-size-sm\" href=\"https:\/\/reservation.mirai.com\/XMAS\/reservation\/miraiFrontDispatcher.htm?lang=de&#038;idtokenprovider=100380299#url=true\" target=\"_blank\" rel=\"noopener\">\n\t\t\t\t\t\t<span class=\"elementor-button-content-wrapper\">\n\t\t\t\t\t\t\t\t\t<span class=\"elementor-button-text\">Buchen <\/span>\n\t\t\t\t\t<\/span>\n\t\t\t\t\t<\/a>\n\t\t\t\t<\/div>\n\t\t\t\t\t\t\t\t<\/div>\n\t\t\t\t<\/div>\n\t\t\t\t\t<\/div>\n\t\t<\/div>\n\t\t\t\t\t<\/div>\n\t\t<\/section>\n\t\t\t\t\t<\/div>\n\t\t<\/div>\n\t\t\t\t\t<\/div>\n\t\t<\/section>\n\t\t\t\t<\/div>\n\t\t","protected":false},"excerpt":{"rendered":"<p>Oasis San Antonio, Wohnungen in Los Cancajos Buchen Sie Ihren Aufenthalt noch heute und sichern Sie sich den besten verf\u00fcgbaren Preis Entdecken Sie den Zauber von La Palma vom Komfort unserer Wohnungen aus Tourist Complex bestehend aus 68 Apartments (davon 2 Apartments barrierefrei f\u00fcr Personen mit eingeschr\u00e4nkter Mobilit\u00e4t), verteilt auf drei Geb\u00e4udekomplexe im traditionellen kanarischen [&hellip;]<\/p>\n","protected":false},"author":1,"featured_media":0,"parent":0,"menu_order":0,"comment_status":"closed","ping_status":"closed","template":"elementor_header_footer","meta":{"footnotes":""},"class_list":["post-8613","page","type-page","status-publish","hentry"],"_links":{"self":[{"href":"https:\/\/oasis-sanantonio.com\/de\/wp-json\/wp\/v2\/pages\/8613","targetHints":{"allow":["GET"]}}],"collection":[{"href":"https:\/\/oasis-sanantonio.com\/de\/wp-json\/wp\/v2\/pages"}],"about":[{"href":"https:\/\/oasis-sanantonio.com\/de\/wp-json\/wp\/v2\/types\/page"}],"author":[{"embeddable":true,"href":"https:\/\/oasis-sanantonio.com\/de\/wp-json\/wp\/v2\/users\/1"}],"replies":[{"embeddable":true,"href":"https:\/\/oasis-sanantonio.com\/de\/wp-json\/wp\/v2\/comments?post=8613"}],"version-history":[{"count":18,"href":"https:\/\/oasis-sanantonio.com\/de\/wp-json\/wp\/v2\/pages\/8613\/revisions"}],"predecessor-version":[{"id":9206,"href":"https:\/\/oasis-sanantonio.com\/de\/wp-json\/wp\/v2\/pages\/8613\/revisions\/9206"}],"wp:attachment":[{"href":"https:\/\/oasis-sanantonio.com\/de\/wp-json\/wp\/v2\/media?parent=8613"}],"curies":[{"name":"wp","href":"https:\/\/api.w.org\/{rel}","templated":true}]}}